{"id":17,"date":"2019-08-30T21:50:17","date_gmt":"2019-08-30T19:50:17","guid":{"rendered":"https:\/\/www.inform4.de\/?page_id=17"},"modified":"2019-09-02T21:41:52","modified_gmt":"2019-09-02T19:41:52","slug":"enmore-on-inform4demehr-zu-inform4","status":"publish","type":"page","link":"https:\/\/www.inform4.de\/?page_id=17","title":{"rendered":"{:en}More on Inform4{:}{:de}Mehr zu Inform4{:}"},"content":{"rendered":"\n<h2><div class=\"lang en\">This is Inform4<\/div><div class=\"lang de\">Dies ist Inform4<\/div><\/h2>\n\n<div class=\"lang en\"><img decoding=\"async\" src=\"https:\/\/www.inform4.de\/wp-content\/uploads\/i4e-empty.png\" width=\"80%\"><\/div><div class=\"lang de\"><img decoding=\"async\" src=\"https:\/\/www.inform4.de\/wp-content\/uploads\/i4g-empty.png\" width=\"80%\"><\/div>\n\n\n\n<h2>FAQ<\/h2>\n\n<h3><a href=\"\" onclick=\"myToggle('FAQ-1');return false;\"><div class=\"lang en\">What Can I Do With Inform4? For What Tasks Inform4 Is Best Suited?<\/div><div class=\"lang de\">Was kann ich mit Inform4 machen? F\u00fcr welche Aufgaben ist Inform4 geeignet?<\/div><\/a><\/h3>\n\n<div id=\"FAQ-1\" style=\"display: none\"><div class=\"lang en\"><p>Inform4 is intended for short notes on different themes. Surely Inform4 is able to be handled otherwise, but for different themes Inform4 is great (for specific themes there are greatly specialised applications). At home there may be themes like &#8218;How do I do roast goose?&#8216;, &#8218;To whoom did I gave the key for the garage (and when)?&#8216;, &#8218;When did I changed the batteries of the computer-mouse (is the mouse broken)?&#8216;, &#8218;What is the PIN for the TV-Decoder?&#8216;, &#8218;A short verse for the next greeting card&#8216;,&#8217;Tomorrow in the daily I will ask these questions&#8216;,&#8230;<\/p>\n\n<p>In the office, there are similar topics in which Inform4 is strong: &#8218;What is the colleague&#8217;s phone number?&#8216;, &#8218;At what times do I reach IT on Friday?&#8216;, &#8218;In the next four weeks, the customer can be reached irregularly, here are the recorded times&#8216;, &#8230;<\/p>\n\n<p>Short contents copied from web pages (please note the copyright regulations!), One or two files that belong to the topic, a collection of ideas on a topic. And all in one file. Many topics, one file.<\/p>\n\n<p>With Inform4 Web it works like this: On every computer there is an I4-file. Topics that are also interested on other computers are moved to the network (thanks to Inform4 Web) and can be read or written from all computers. But actually the local files are superfluous &#8230;<\/p><\/div><div class=\"lang de\"><p>Inform4 ist f\u00fcr simple Textschnipsel zu verschiedenen Themen gedacht. Sicherlich kann man Inform4 auch anders nutzen, aber bei einer Vielfalt an Themen ist Inform4 besonders stark (f\u00fcr spezifische Themen hat man meist spezifische Anwendungen). Zu Hause sind es Themen wie &#8218;Wie wird ein G\u00e4nsebraten gemacht?&#8216;, &#8218;Wem habe ich die Schl\u00fcssel f\u00fcr die Garage geliehen (und wann!)?&#8216;, &#8218;Wann habe ich die Batterien f\u00fcr die Maus gewechselt (ist die Maus kaputt)?&#8216;, &#8218;Wie lautet die PIN f\u00fcr den TV-Dekoder?&#8216;, &#8218;Ein kurzer Vers f\u00fcr die n\u00e4chste Gru\u00dfkarte&#8216;, &#8218;Morgen beim Meeting will ich folgende Fragen stellen&#8216;,&#8230;<\/p>\n\n<p>Im B\u00fcro sind es \u00e4hnliche Themen, bei denen Inform4 stark ist: &#8218;Wie lautet die Telefonnummer des Kollegen?&#8216;, &#8218;Zu welchen Zeiten ist die IT am Freitag zu erreichen?&#8216;, &#8218;In den n\u00e4chsten vier Wochen ist der Kunde unregelm\u00e4\u00dfig zu erreichen, hier sind die notierten Zeiten&#8216;,&#8230;<\/p>\n\n<p>Kurze, aus Web-Seiten kopierte Inhalte (bitte die Copyright Bestimmungen beachten!), dazu ein oder zwei Dateien, die zum Thema geh\u00f6ren, eine Ideensammlung zu einem Thema. Und alles in einer Datei. Viele Themen, eine Datei.<\/p>\n\n<p>Mit Inform4 Web geht es so: Auf jedem Rechner befindet sich eine I4-Datei. Themen, die auch an anderen Rechnern interessieren, werden in das Netz verschoben (dank Inform4 Web) und k\u00f6nnen so von allen Rechnern aus gelesen oder geschrieben werden. Aber eigentlich sind die lokalen Dateien dann auch \u00fcberfl\u00fcssig&#8230;<\/p><\/div><\/div>\n\n\n\n<h3><a href=\"\" onclick=\"myToggle('FAQ-2');return false;\"><div class=\"lang en\">Encrypt Inform4 Documents<\/div><div class=\"lang de\">Inform4 Dokumente verschl\u00fcsseln<\/div><\/a><\/h3>\n\n<div id=\"FAQ-2\" style=\"display: none\"><div class=\"lang en\"><p>Inform4 documents can be encrypted. All you need is a user name and a freely selectable password. For experts: With Inform4 you can also encrypt with X.509 \/ S \/ MIME certificates (only RSA), either with a soft certificate (pfx, p12 file) or with keys that have a PKCS # 11 DLL connection (e.g. with the p11capi.dll for accessing the Windows certificate store).<\/p>\n\n<p>An Inform4 document can be encrypted for more than one username. This allows multiple people to work on an encrypted document without having to know the password together. One can thus also encrypt for someone else, e.g. with its certificate. Then the (foreign) key is completely in the other&#8217;s hand. Or one encrypts with another username and password and transmits username \/ password e.g. via phone.<\/p>\n\n<p>There is no &#8218;backdoor&#8216; to decrypt an Inform4 document: if the password or certificate key has been lost, then bad luck! But you can create an Inform4 password file and write down all passwords there and then hopefully nobody can guess this One password. Please follow the general instructions for using passwords; Inform4 also follows these general instructions.<\/p><\/div><div class=\"lang de\"><p>Inform4 Dokumente k\u00f6nnen verschl\u00fcsselt werden. Dazu ben\u00f6tigt man nur einen frei w\u00e4hlbaren Nutzernamen und ein frei w\u00e4hlbares Passwort. F\u00fcr Experten: Mit Inform4 kann man auch mit X.509 \/ S\/MIME Zertifikaten verschl\u00fcsseln (nur RSA), entweder mit einem Softzertifikat (pfx, p12 Datei) oder mit Schl\u00fcsseln, die \u00fcber eine PKCS#11 DLL-Anbindung verf\u00fcgen (z.B. mit der p11capi.dll f\u00fcr den Zugriff auf den Windows Zertifikatsspeicher).<\/p>\n\n<p>Ein Inform4 Dokument kann f\u00fcr mehr als einen Nutzernamen verschl\u00fcsselt werden. Damit k\u00f6nnen mehrere Personen an einem verschl\u00fcsselten Dokument arbeiten, ohne dass das Passwort gemeinsam bekannt sein muss. Man kann so auch f\u00fcr jemand anderen verschl\u00fcsseln, z.B. mit dessen Zertifikat. Dann ist der (fremde) Schl\u00fcssel ganz in der Hand des anderen. Oder man verschl\u00fcsselt mit einem anderen Nutzernamen und Passwort und \u00fcbermittelt Nutzername \/ Passwort z.B. per Telefon.<\/p>\n\n<p>Zum Entschl\u00fcsseln eines Inform4 Dokuments gibt es keine &#8218;backdoor&#8216;: Wenn das Passwort oder der Zertifikatsschl\u00fcssel abhanden gekommen sind, dann, Pech! Aber man kann ja eine Inform4 Passwortdatei anlegen und dort alle Passw\u00f6rter aufschreiben und dieses Eine Passwort darf dann keiner erraten. Bitte dazu den allgemeinen Hinweisen zur Verwendung von Passw\u00f6rtern folgen; auch Inform4 folgt den allgemeinen Hinweisen.<\/p><\/div><\/div>\n\n\n\n\n<h3><a href=\"\" onclick=\"myToggle('FAQ-3');return false;\"><div class=\"lang en\">Using the History<\/div><div class=\"lang de\">\u00c4lteren Zustand lesen (History)<\/div><\/a><\/h3>\n\n<div id=\"FAQ-3\" style=\"display: none\"><div class=\"lang en\"><p>It may happen that one wants to read notes that have already been deleted. Usually there&#8217;s just a backup which could help, but browsing a backup to get an older version from a single file is often not only cumbersome, but often impossible. Either because backups are kept only for a shorter period of time (for example, 1 year, 1 month, or just 1 week) or because backups are not made as frequently as needed (private often only once a week).<\/p>\n\n<p>Then it is convenient if the document contains all the previously stored versions. Inform4 documents contain by default all older stored versions in the document &#8211; unless they have been permanently deleted. If individual versions are to be defaced, then it can be done (&#8218;Delete&#8216; under the menu item &#8218;File &#8211; History&#8216;, but a technically savvy data thief could still restore the data &#8211; if the data is not encrypted). If you only want to &#8218;hide&#8216; versions, as the knowledge of these states does not add value at the moment, you can do that too: &#8218;Hide&#8216; under the menu item &#8218;File History&#8216;. Or you delete &#8211; completely &#8211; all older versions. The latter is useful if a long-term backup has just been made and it is therefore inappropriate to keep everything twice (menu item &#8218;File &#8211; Remove history&#8216;).<\/p>\n\n<p>Finally, one can also look at an older version of the document: &#8218;Show&#8216; under the menu item &#8218;File &#8211; History&#8216;. If you want to save the older version separately, you can save the older version via &#8218;File save as &#8230;&#8216; under a new name.<\/p><\/div><div class=\"lang de\"><p>Es kann vorkommen, dass man nach geraumer Zeit Notizen lesen m\u00f6chte, die schon gel\u00f6scht wurden. Normalerweise hilft da nur ein Backup, aber ein Backup zu durchst\u00f6bern, um von einer einzelnen Datei einen \u00e4lteren Stand zu erhalten ist oft nicht nur m\u00fchselig, sondern oft auch unm\u00f6glich. Entweder weil Backups nur f\u00fcr einen k\u00fcrzeren Zeitraum aufbewahrt werden (z.B. 1 Jahr, 1 Monat, oder nur 1 Woche) oder weil Backups nicht so h\u00e4ufig gemacht werden (privat oft nur 1x die Woche).<\/p>\n\n<p>Da kann es praktisch sein, wenn das Dokument selbstst\u00e4ndig s\u00e4mtliche bisher gespeicherten St\u00e4nde enth\u00e4lt. Inform4 Dokumente enthalten per default s\u00e4mtliche \u00e4lteren gespeicherten Zust\u00e4nde im Dokument&#8211;sofern sie nicht endg\u00fcltig gel\u00f6scht wurden. Wenn einzelne Zust\u00e4nde unkenntlich gemacht werden sollen, dann kann man dies tun (&#8218;L\u00f6schen&#8216; unter dem Men\u00fcpunkt &#8218;Datei-History&#8216;, aber ein technisch versierter Datendieb k\u00f6nnte die Daten&#8211;sofern die Daten nicht verschl\u00fcsselt sind&#8211;trotzdem wiederherstellen). M\u00f6chte man Versionen nur &#8218;verdecken&#8216;, da die Kenntnis dieser Zust\u00e4nde im Moment keinen Mehrwert bringt, so kann man auch das machen: &#8218;Verdecken&#8216; unter dem Men\u00fcpunkt &#8218;Datei-History&#8216;. Oder man l\u00f6scht &#8211;endg\u00fcltig&#8211; s\u00e4mtliche \u00e4lteren Zust\u00e4nde. Letzteres ist dann praktisch, wenn gerade ein Langzeitbackup gemacht wurde und es deshalb unzweckm\u00e4\u00dfig ist, zweimal alles aufzubewahren (Men\u00fcpunkt &#8218;Datei-Entfernen der History&#8216;).<\/p>\n\n<p>Schlie\u00dflich kann man sich einen \u00e4lteren Zustand des Dokuments auch ansehen: &#8218;Anzeigen&#8216; unter dem Men\u00fcpunkt &#8218;Datei-History&#8216;. Wenn man den \u00e4lteren Zustand gesondert speichern m\u00f6chte, kann man den \u00e4lteren Zustand via &#8218;Datei-Speichern unter&#8230;&#8216; auch unter einem neuen Namen speichern.<\/p><\/div><\/div>\n\n\n\n<h3><a href=\"\" onclick=\"myToggle('FAQ-4');return false;\"><div class=\"lang en\">Inform4 Web<\/div><div class=\"lang de\">Inform4 Web<\/div><\/a><\/h3>\n\n<div id=\"FAQ-4\" style=\"display: none\"><div class=\"lang en\"><p>Inform4 Web is an extension of Inform4 to access Inform4 documents online. Inform4 Web documents work almost as well as local documents. The encryption and history are not implemented for Inform4 Web files. This is bearable because in Inform4 documents you can save files in addition to any notes. Therefore, Inform4 Web documents themselves do not necessarily have to be encrypted. It is sufficient to save an encrypted (Inform4) document as a file in an Inform4 Web document.<\/p>\n\n<p>Inform4 Web makes it easy to work together on a document. If the Inform4 Web document has been modified, you will be prompted to close your own version and to load the new version. It is best to open an Inform4 Web document only with write access if you really want to change something. The other time you keep the document open in read-only mode.<\/p>\n\n<p>Inform4 Web is an extension of Inform4. Inform4 Web is not free. If you have interest on usage of Inform4 Web please contact the author.<\/p><\/div><div class=\"lang de\"><p>Inform4 Web ist eine Erweiterung von Inform4, um auf Inform4 Dokumente Online zugreifen zu k\u00f6nnen. Mit Inform4 Web Dokumenten geht man fast genauso um, wie mit lokalen Dokumenten. Die Verschl\u00fcsselung und die History sind f\u00fcr Inform4 Web Dateien nicht umgesetzt. Das ist deshalb verschmerzbar, weil man in Inform4 Dokumenten zus\u00e4tzlich zu jeder Notiz Dateien speichern kann. Deshalb m\u00fcssen Inform4 Web Dokumente selber nicht zwingend verschl\u00fcsselt sein. Es gen\u00fcgt, wenn man ein verschl\u00fcsseltes (Inform4-)Dokument in einem Inform4 Web Dokument als Datei speichert.<\/p>\n\n<p>Mit Inform4 Web kann man ganz leicht gemeinsam an einem Dokument arbeiten. Wenn das Inform4 Web Dokument ge\u00e4ndert wurde, wird man aufgefordert die eigene Version zu schlie\u00dfen, um die neue Version zu laden. Am besten man \u00f6ffnet ein Inform4 Web Dokument nur dann zum Schreiben, wenn man wirklich etwas \u00e4ndern will. Die andere Zeit beh\u00e4lt man das Dokument im Nur-Lesen Modus ge\u00f6ffnet.<\/p>\n\n<p>Inform4 Web ist eine Erweiterung von Inform4. Inform4 Web ist nicht frei. Bei Interesse zur Nutzung von Inform4 Web kontaktieren Sie bitte den Autor.<\/div><\/div>\n\n\n\n\n<h3><a href=\"\" onclick=\"myToggle('FAQ-5');return false;\"><div class=\"lang en\">And Linux, Android, IOS, Mac?<\/div><div class=\"lang de\">Und Linux, Android, IOS, Mac?<\/div><\/a><\/h3>\n\n<div id=\"FAQ-5\" style=\"display: none\"><div class=\"lang en\"><p>You can use Inform4 on Linux with the help of wine. But Drag&#8217;n Drop does not work and Double-Clicking on a file also does not work. Most of the other features should work.<\/p>\n\n<p>For Android, IOS and Mac I do not have a solution. If there is some interest, it is not so much to be done. But may be it is quite easier to implement a Web-Client in JS or so which can be used on smartphones and tablets. Please contact the author.<\/p><\/div><div class=\"lang de\"><p>Unter Linux k\u00f6nnen Sie Inform4 mit Hilfe von Wine verwenden. Aber Drag&#8217;n Drop funktioniert nicht und Doppelklicks auf Dateien funktionieren auch nicht. Die meisten anderen Features sollten aber ihren Dienst tun.<\/p>\n\n<p>F\u00fcr Android, IOS und Mac habe ich im Moment keine L\u00f6sung. Falls Interesse besteht, so sollte es eigentlich nicht so viel Arbeit sein. Aber es k\u00f6nnte einfacher sein einen Web-Client in JS oder so zu implementieren, der auch von Smartphones oder Tablets nutzbar ist. Bei Interesse kontaktieren Sie bitte den Autor.<\/p><\/div><\/div>\n\n\n\n<p><\/p>\n","protected":false},"excerpt":{"rendered":"<p>This is Inform4 Dies ist Inform4 FAQ What Can I Do With Inform4? For What Tasks Inform4 Is Best Suited? Was kann ich mit Inform4 machen? F\u00fcr welche Aufgaben ist Inform4 geeignet? Inform4 is intended for short notes on different themes. Surely Inform4 is able to be handled otherwise, but for different themes Inform4 is [&hellip;]<\/p>\n","protected":false},"author":1,"featured_media":0,"parent":0,"menu_order":0,"comment_status":"closed","ping_status":"closed","template":"","meta":[],"_links":{"self":[{"href":"https:\/\/www.inform4.de\/index.php?rest_route=\/wp\/v2\/pages\/17"}],"collection":[{"href":"https:\/\/www.inform4.de\/index.php?rest_route=\/wp\/v2\/pages"}],"about":[{"href":"https:\/\/www.inform4.de\/index.php?rest_route=\/wp\/v2\/types\/page"}],"author":[{"embeddable":true,"href":"https:\/\/www.inform4.de\/index.php?rest_route=\/wp\/v2\/users\/1"}],"replies":[{"embeddable":true,"href":"https:\/\/www.inform4.de\/index.php?rest_route=%2Fwp%2Fv2%2Fcomments&post=17"}],"version-history":[{"count":23,"href":"https:\/\/www.inform4.de\/index.php?rest_route=\/wp\/v2\/pages\/17\/revisions"}],"predecessor-version":[{"id":49,"href":"https:\/\/www.inform4.de\/index.php?rest_route=\/wp\/v2\/pages\/17\/revisions\/49"}],"wp:attachment":[{"href":"https:\/\/www.inform4.de\/index.php?rest_route=%2Fwp%2Fv2%2Fmedia&parent=17"}],"curies":[{"name":"wp","href":"https:\/\/api.w.org\/{rel}","templated":true}]}}